{"id":4618,"date":"2022-10-18T16:53:50","date_gmt":"2022-10-18T16:53:50","guid":{"rendered":"http:\/\/fabiss.ro\/?page_id=4618"},"modified":"2024-06-26T20:42:52","modified_gmt":"2024-06-26T20:42:52","slug":"despre-noi","status":"publish","type":"page","link":"https:\/\/fabiss.ro\/hu\/despre-noi\/","title":{"rendered":"R\u00f3lunk"},"content":{"rendered":"<div data-elementor-type=\"wp-page\" data-elementor-id=\"4618\" class=\"elementor elementor-4618\" data-elementor-post-type=\"page\">\n\t\t\t\t\t\t<section class=\"elementor-section elementor-top-section elementor-element elementor-element-155b6e1 elementor-section-full_width elementor-section-stretched elementor-section-height-default elementor-section-height-default\" data-id=\"155b6e1\" data-element_type=\"section\" data-settings=\"{&quot;stretch_section&quot;:&quot;section-stretched&quot;,&quot;_ob_glider_is_slider&quot;:&quot;no&quot;}\">\n\t\t\t\t\t\t<div class=\"elementor-container elementor-column-gap-default\">\n\t\t\t\t\t<div class=\"elementor-column elementor-col-50 elementor-top-column elementor-element elementor-element-a450947\" data-id=\"a450947\" data-element_type=\"column\" data-settings=\"{&quot;background_background&quot;:&quot;classic&quot;,&quot;_ob_column_hoveranimator&quot;:&quot;no&quot;,&quot;_ob_column_has_pseudo&quot;:&quot;no&quot;}\">\n\t\t\t<div class=\"elementor-widget-wrap elementor-element-populated\">\n\t\t\t\t\t\t<div class=\"elementor-element elementor-element-de3491a ob-has-background-overlay elementor-widget elementor-widget-video\" data-id=\"de3491a\" data-element_type=\"widget\" data-settings=\"{&quot;youtube_url&quot;:&quot;https:\\\/\\\/www.youtube.com\\\/watch?v=o6pDUNDe_gQ&quot;,&quot;autoplay&quot;:&quot;yes&quot;,&quot;play_on_mobile&quot;:&quot;yes&quot;,&quot;video_type&quot;:&quot;youtube&quot;,&quot;controls&quot;:&quot;yes&quot;,&quot;_ob_widget_stalker_use&quot;:&quot;no&quot;,&quot;_ob_poopart_use&quot;:&quot;yes&quot;,&quot;_ob_shadough_use&quot;:&quot;no&quot;,&quot;_ob_allow_hoveranimator&quot;:&quot;no&quot;}\" data-widget_type=\"video.default\">\n\t\t\t\t<div class=\"elementor-widget-container\">\n\t\t\t\t\t<div class=\"elementor-wrapper elementor-open-inline\">\n\t\t\t<div class=\"elementor-video\"><\/div>\t\t<\/div>\n\t\t\t\t<\/div>\n\t\t\t\t<\/div>\n\t\t\t\t\t<\/div>\n\t\t<\/div>\n\t\t\t\t<div class=\"elementor-column elementor-col-50 elementor-top-column elementor-element elementor-element-151f9f2\" data-id=\"151f9f2\" data-element_type=\"column\" data-settings=\"{&quot;background_background&quot;:&quot;classic&quot;,&quot;_ob_column_hoveranimator&quot;:&quot;no&quot;,&quot;_ob_column_has_pseudo&quot;:&quot;no&quot;}\">\n\t\t\t<div class=\"elementor-widget-wrap elementor-element-populated\">\n\t\t\t\t\t\t<div class=\"elementor-element elementor-element-d1c65ee ob-harakiri-inherit ob-has-background-overlay elementor-widget elementor-widget-heading\" data-id=\"d1c65ee\" data-element_type=\"widget\" data-settings=\"{&quot;_ob_use_harakiri&quot;:&quot;yes&quot;,&quot;_ob_harakiri_writing_mode&quot;:&quot;inherit&quot;,&quot;_ob_harakiri_text_clip&quot;:&quot;none&quot;,&quot;_ob_widget_stalker_use&quot;:&quot;no&quot;,&quot;_ob_poopart_use&quot;:&quot;yes&quot;,&quot;_ob_shadough_use&quot;:&quot;no&quot;,&quot;_ob_allow_hoveranimator&quot;:&quot;no&quot;}\" data-widget_type=\"heading.default\">\n\t\t\t\t<div class=\"elementor-widget-container\">\n\t\t\t<h2 class=\"elementor-heading-title elementor-size-default\">A mi t\u00f6rt\u00e9net\u00fcnk<\/h2>\t\t<\/div>\n\t\t\t\t<\/div>\n\t\t\t\t<div class=\"elementor-element elementor-element-1ccee16 ob-harakiri-inherit ob-has-background-overlay elementor-widget elementor-widget-text-editor\" data-id=\"1ccee16\" data-element_type=\"widget\" data-settings=\"{&quot;_ob_use_harakiri&quot;:&quot;yes&quot;,&quot;_ob_harakiri_writing_mode&quot;:&quot;inherit&quot;,&quot;_ob_postman_use&quot;:&quot;no&quot;,&quot;_ob_widget_stalker_use&quot;:&quot;no&quot;,&quot;_ob_poopart_use&quot;:&quot;yes&quot;,&quot;_ob_shadough_use&quot;:&quot;no&quot;,&quot;_ob_allow_hoveranimator&quot;:&quot;no&quot;}\" data-widget_type=\"text-editor.default\">\n\t\t\t\t<div class=\"elementor-widget-container\">\n\t\t\t\t\t\t\t<p>A Fabiss Animal Resort t\u00f6rt\u00e9nete 2020 tavasz\u00e1n kezd\u0151d\u00f6tt, amikor a j\u00e1rv\u00e1ny Rom\u00e1ni\u00e1t teljes elz\u00e1r\u00e1s al\u00e1 helyezte. Sok m\u00e1s rom\u00e1nhoz hasonl\u00f3an \u00e9n is \u00e1tmenetileg vid\u00e9kre vonultam nyugd\u00edjba, ahol \u00e9letem egyik legidillibb id\u0151szak\u00e1t t\u00f6lt\u00f6ttem a nagysz\u00fcleim otthon\u00e1ban, P\u0103dureni k\u00f6zs\u00e9gben.<\/p>\n<p>Egy h\u0171v\u00f6s m\u00e1rciusi este forr\u00f3 te\u00e1t kortyolgattam kisl\u00e1nyom, Fabiana mellett, karj\u00e1ban a d\u00fch\u00f6ng\u0151 Azorel \u00e9s a r\u00e9gi t\u0171zhely sz\u00e1j\u00e1n\u00e1l dorombol\u00f3 Plu\u0219ica cica. Ekkor t\u00e1madt az <strong>\u00d6TLET<\/strong>. A T\u00d6RT\u00c9NET fel\u00e9p\u00edt\u00e9s\u00e9nek koncepci\u00f3ja egy gyermekkori k\u00f6rnyezet <strong>k\u00f6r\u00e9<\/strong>.<\/p>\t\t\t\t\t\t<\/div>\n\t\t\t\t<\/div>\n\t\t\t\t\t<\/div>\n\t\t<\/div>\n\t\t\t\t\t<\/div>\n\t\t<\/section>\n\t\t\t\t<section class=\"elementor-section elementor-top-section elementor-element elementor-element-3dc8276 elementor-section-full_width elementor-section-stretched elementor-section-height-default elementor-section-height-default\" data-id=\"3dc8276\" data-element_type=\"section\" data-settings=\"{&quot;stretch_section&quot;:&quot;section-stretched&quot;,&quot;background_background&quot;:&quot;classic&quot;,&quot;_ob_glider_is_slider&quot;:&quot;no&quot;}\">\n\t\t\t\t\t\t<div class=\"elementor-container elementor-column-gap-default\">\n\t\t\t\t\t<div class=\"elementor-column elementor-col-100 elementor-top-column elementor-element elementor-element-0a82359\" data-id=\"0a82359\" data-element_type=\"column\" data-settings=\"{&quot;_ob_column_hoveranimator&quot;:&quot;no&quot;,&quot;_ob_column_has_pseudo&quot;:&quot;no&quot;}\">\n\t\t\t<div class=\"elementor-widget-wrap elementor-element-populated\">\n\t\t\t\t\t\t<div class=\"elementor-element elementor-element-c03c4c1 ob-harakiri-inherit ob-has-background-overlay elementor-widget elementor-widget-text-editor\" data-id=\"c03c4c1\" data-element_type=\"widget\" data-settings=\"{&quot;_ob_use_harakiri&quot;:&quot;yes&quot;,&quot;_ob_harakiri_writing_mode&quot;:&quot;inherit&quot;,&quot;_ob_postman_use&quot;:&quot;no&quot;,&quot;_ob_widget_stalker_use&quot;:&quot;no&quot;,&quot;_ob_poopart_use&quot;:&quot;yes&quot;,&quot;_ob_shadough_use&quot;:&quot;no&quot;,&quot;_ob_allow_hoveranimator&quot;:&quot;no&quot;}\" data-widget_type=\"text-editor.default\">\n\t\t\t\t<div class=\"elementor-widget-container\">\n\t\t\t\t\t\t\t<p>Nagy \u00e1llatbar\u00e1tok l\u00e9v\u00e9n gyakran ker\u00fclt\u00fcnk olyan helyzetbe, hogy nem tudtuk, kire b\u00edzzuk kedves bar\u00e1tainkat. \nA k\u00f6rnyezet\u00fcnkben \u00e9l\u0151k k\u00f6z\u00fcl sokan szembes\u00fcltek ugyanezzel a probl\u00e9m\u00e1val, amikor nyaral\u00e1sr\u00f3l vagy \u00fczleti \u00fatr\u00f3l volt sz\u00f3.\nMindannyiunk sz\u00e1m\u00e1ra kiemelten fontos volt, hogy biztons\u00e1gban, gondoskod\u00e1sban, de egyben elk\u00e9nyeztetve is legyenek a kedvenceink! Azt akartuk, hogy a t\u00e1vol t\u00f6lt\u00f6tt id\u0151 sz\u00e1mukra el\u0151ny\u00f6s legyen, sz\u00e1munkra pedig gondtalan.<\/p><p>El\u0151vettem egy pap\u00edrlapot \u00e9s n\u00e9h\u00e1ny ceruz\u00e1t, \u00e9s megk\u00e9rtem a kisl\u00e1nyomat, hogy k\u00e9pzeljen el egy csod\u00e1latos helyet.Egy helyet, ahol a vil\u00e1g minden \u00e1llata szeretve \u00e9s elk\u00e9nyeztetve \u00e9rezheti mag\u00e1t, \u00e9s ahov\u00e1 a gyerekek sz\u00edvesen j\u00f6hetnek j\u00e1tszani. Egy helyet, ahol a k\u00f6zs\u00e9g dolgos emberei, valamint bar\u00e1tok, ismer\u0151s\u00f6k vagy k\u00f6zeliek \u00f6sszefoghatnak egy k\u00f6z\u00f6ss\u00e9g jav\u00e1t szolg\u00e1l\u00f3 projekthez. Ak\u00e1rcsak egy MES\u00c9BEN...<\/p><p><strong>\u00c9s \u00edgy kezd\u0151d\u00f6tt MINDEN...<\/strong><\/p>\t\t\t\t\t\t<\/div>\n\t\t\t\t<\/div>\n\t\t\t\t\t<\/div>\n\t\t<\/div>\n\t\t\t\t\t<\/div>\n\t\t<\/section>\n\t\t\t\t<\/div>","protected":false},"excerpt":{"rendered":"<p>Povestea noastr\u0103 Povestea Resortului pentru animale Fabiss a \u00eenceput \u00een prim\u0103vara anului 2020, c\u00e2nd \u00eentreaga Rom\u00e2nie era \u00eentr-un lockdown total datorit\u0103 pandemiei. Ca mul\u021bi al\u021bi rom\u00e2ni, m-am retras temporar \u00een mediul rural, \u00een comuna P\u0103dureni, \u00een casa bunicilor \u00een care am copil\u0103rit \u0219i \u00een care am tr\u0103it una dintre cele mai frumoase perioade ale vie\u021bii. [&hellip;]<\/p>","protected":false},"author":1,"featured_media":0,"parent":0,"menu_order":0,"comment_status":"closed","ping_status":"closed","template":"elementor_header_footer","meta":{"site-sidebar-layout":"no-sidebar","site-content-layout":"page-builder","ast-site-content-layout":"default","site-content-style":"default","site-sidebar-style":"default","ast-global-header-display":"","ast-banner-title-visibility":"","ast-main-header-display":"","ast-hfb-above-header-display":"","ast-hfb-below-header-display":"","ast-hfb-mobile-header-display":"","site-post-title":"disabled","ast-breadcrumbs-content":"","ast-featured-img":"disabled","footer-sml-layout":"","ast-disable-related-posts":"","theme-transparent-header-meta":"default","adv-header-id-meta":"","stick-header-meta":"","header-above-stick-meta":"","header-main-stick-meta":"","header-below-stick-meta":"","astra-migrate-meta-layouts":"default","ast-page-background-enabled":"default","ast-page-background-meta":{"desktop":{"background-color":"","background-image":"","background-repeat":"repeat","background-position":"center center","background-size":"auto","background-attachment":"scroll","background-type":"","background-media":"","overlay-type":"","overlay-color":"","overlay-opacity":"","overlay-gradient":""},"tablet":{"background-color":"","background-image":"","background-repeat":"repeat","background-position":"center center","background-size":"auto","background-attachment":"scroll","background-type":"","background-media":"","overlay-type":"","overlay-color":"","overlay-opacity":"","overlay-gradient":""},"mobile":{"background-color":"","background-image":"","background-repeat":"repeat","background-position":"center center","background-size":"auto","background-attachment":"scroll","background-type":"","background-media":"","overlay-type":"","overlay-color":"","overlay-opacity":"","overlay-gradient":""}},"ast-content-background-meta":{"desktop":{"background-color":"var(--ast-global-color-5)","background-image":"","background-repeat":"repeat","background-position":"center center","background-size":"auto","background-attachment":"scroll","background-type":"","background-media":"","overlay-type":"","overlay-color":"","overlay-opacity":"","overlay-gradient":""},"tablet":{"background-color":"var(--ast-global-color-5)","background-image":"","background-repeat":"repeat","background-position":"center center","background-size":"auto","background-attachment":"scroll","background-type":"","background-media":"","overlay-type":"","overlay-color":"","overlay-opacity":"","overlay-gradient":""},"mobile":{"background-color":"var(--ast-global-color-5)","background-image":"","background-repeat":"repeat","background-position":"center center","background-size":"auto","background-attachment":"scroll","background-type":"","background-media":"","overlay-type":"","overlay-color":"","overlay-opacity":"","overlay-gradient":""}},"footnotes":""},"class_list":["post-4618","page","type-page","status-publish","hentry"],"yoast_head":"<!-- This site is optimized with the Yoast SEO plugin v27.5 - https:\/\/yoast.com\/product\/yoast-seo-wordpress\/ -->\n<title>Despre noi - Fabiss Pet Residence\u00ae<\/title>\n<meta name=\"robots\" content=\"index, follow, max-snippet:-1, max-image-preview:large, max-video-preview:-1\" \/>\n<link rel=\"canonical\" href=\"https:\/\/fabiss.ro\/hu\/despre-noi\/\" \/>\n<meta property=\"og:locale\" content=\"hu_HU\" \/>\n<meta property=\"og:type\" content=\"article\" \/>\n<meta property=\"og:title\" content=\"Despre noi - Fabiss Pet Residence\u00ae\" \/>\n<meta property=\"og:description\" content=\"Povestea noastr\u0103 Povestea Resortului pentru animale Fabiss a \u00eenceput \u00een prim\u0103vara anului 2020, c\u00e2nd \u00eentreaga Rom\u00e2nie era \u00eentr-un lockdown total datorit\u0103 pandemiei. Ca mul\u021bi al\u021bi rom\u00e2ni, m-am retras temporar \u00een mediul rural, \u00een comuna P\u0103dureni, \u00een casa bunicilor \u00een care am copil\u0103rit \u0219i \u00een care am tr\u0103it una dintre cele mai frumoase perioade ale vie\u021bii. [&hellip;]\" \/>\n<meta property=\"og:url\" content=\"https:\/\/fabiss.ro\/hu\/despre-noi\/\" \/>\n<meta property=\"og:site_name\" content=\"Fabiss Pet Residence\u00ae\" \/>\n<meta property=\"article:publisher\" content=\"https:\/\/www.facebook.com\/fabisspetresidence\/\" \/>\n<meta property=\"article:modified_time\" content=\"2024-06-26T20:42:52+00:00\" \/>\n<meta name=\"twitter:card\" content=\"summary_large_image\" \/>\n<meta name=\"twitter:label1\" content=\"Becs\u00fclt olvas\u00e1si id\u0151\" \/>\n\t<meta name=\"twitter:data1\" content=\"2 perc\" \/>\n<script type=\"application\/ld+json\" class=\"yoast-schema-graph\">{\"@context\":\"https:\\\/\\\/schema.org\",\"@graph\":[{\"@type\":\"WebPage\",\"@id\":\"https:\\\/\\\/fabiss.ro\\\/despre-noi\\\/\",\"url\":\"https:\\\/\\\/fabiss.ro\\\/despre-noi\\\/\",\"name\":\"Despre noi - Fabiss Pet Residence\u00ae\",\"isPartOf\":{\"@id\":\"https:\\\/\\\/fabiss.ro\\\/#website\"},\"datePublished\":\"2022-10-18T16:53:50+00:00\",\"dateModified\":\"2024-06-26T20:42:52+00:00\",\"breadcrumb\":{\"@id\":\"https:\\\/\\\/fabiss.ro\\\/despre-noi\\\/#breadcrumb\"},\"inLanguage\":\"hu\",\"potentialAction\":[{\"@type\":\"ReadAction\",\"target\":[\"https:\\\/\\\/fabiss.ro\\\/despre-noi\\\/\"]}]},{\"@type\":\"BreadcrumbList\",\"@id\":\"https:\\\/\\\/fabiss.ro\\\/despre-noi\\\/#breadcrumb\",\"itemListElement\":[{\"@type\":\"ListItem\",\"position\":1,\"name\":\"Prima pagin\u0103\",\"item\":\"https:\\\/\\\/fabiss.ro\\\/\"},{\"@type\":\"ListItem\",\"position\":2,\"name\":\"Despre noi\"}]},{\"@type\":\"WebSite\",\"@id\":\"https:\\\/\\\/fabiss.ro\\\/#website\",\"url\":\"https:\\\/\\\/fabiss.ro\\\/\",\"name\":\"Fabiss Pet Residence\u00ae\",\"description\":\"\",\"publisher\":{\"@id\":\"https:\\\/\\\/fabiss.ro\\\/#organization\"},\"potentialAction\":[{\"@type\":\"SearchAction\",\"target\":{\"@type\":\"EntryPoint\",\"urlTemplate\":\"https:\\\/\\\/fabiss.ro\\\/?s={search_term_string}\"},\"query-input\":{\"@type\":\"PropertyValueSpecification\",\"valueRequired\":true,\"valueName\":\"search_term_string\"}}],\"inLanguage\":\"hu\"},{\"@type\":\"Organization\",\"@id\":\"https:\\\/\\\/fabiss.ro\\\/#organization\",\"name\":\"Fabiss Pet Residence - Timi\u0219oara\",\"url\":\"https:\\\/\\\/fabiss.ro\\\/\",\"logo\":{\"@type\":\"ImageObject\",\"inLanguage\":\"hu\",\"@id\":\"https:\\\/\\\/fabiss.ro\\\/#\\\/schema\\\/logo\\\/image\\\/\",\"url\":\"https:\\\/\\\/fabiss.ro\\\/wp-content\\\/uploads\\\/2022\\\/06\\\/cropped-FABISS_Pet_Residence_-_Logo_minimal-removebg-preview-e1656274651273.png\",\"contentUrl\":\"https:\\\/\\\/fabiss.ro\\\/wp-content\\\/uploads\\\/2022\\\/06\\\/cropped-FABISS_Pet_Residence_-_Logo_minimal-removebg-preview-e1656274651273.png\",\"width\":268,\"height\":121,\"caption\":\"Fabiss Pet Residence - Timi\u0219oara\"},\"image\":{\"@id\":\"https:\\\/\\\/fabiss.ro\\\/#\\\/schema\\\/logo\\\/image\\\/\"},\"sameAs\":[\"https:\\\/\\\/www.facebook.com\\\/fabisspetresidence\\\/\",\"https:\\\/\\\/www.instagram.com\\\/fabisspetresidence\\\/\"]}]}<\/script>\n<!-- \/ Yoast SEO plugin. -->","yoast_head_json":{"title":"Despre noi - Fabiss Pet Residence\u00ae","robots":{"index":"index","follow":"follow","max-snippet":"max-snippet:-1","max-image-preview":"max-image-preview:large","max-video-preview":"max-video-preview:-1"},"canonical":"https:\/\/fabiss.ro\/hu\/despre-noi\/","og_locale":"hu_HU","og_type":"article","og_title":"Despre noi - Fabiss Pet Residence\u00ae","og_description":"Povestea noastr\u0103 Povestea Resortului pentru animale Fabiss a \u00eenceput \u00een prim\u0103vara anului 2020, c\u00e2nd \u00eentreaga Rom\u00e2nie era \u00eentr-un lockdown total datorit\u0103 pandemiei. Ca mul\u021bi al\u021bi rom\u00e2ni, m-am retras temporar \u00een mediul rural, \u00een comuna P\u0103dureni, \u00een casa bunicilor \u00een care am copil\u0103rit \u0219i \u00een care am tr\u0103it una dintre cele mai frumoase perioade ale vie\u021bii. [&hellip;]","og_url":"https:\/\/fabiss.ro\/hu\/despre-noi\/","og_site_name":"Fabiss Pet Residence\u00ae","article_publisher":"https:\/\/www.facebook.com\/fabisspetresidence\/","article_modified_time":"2024-06-26T20:42:52+00:00","twitter_card":"summary_large_image","twitter_misc":{"Becs\u00fclt olvas\u00e1si id\u0151":"2 perc"},"schema":{"@context":"https:\/\/schema.org","@graph":[{"@type":"WebPage","@id":"https:\/\/fabiss.ro\/despre-noi\/","url":"https:\/\/fabiss.ro\/despre-noi\/","name":"Despre noi - Fabiss Pet Residence\u00ae","isPartOf":{"@id":"https:\/\/fabiss.ro\/#website"},"datePublished":"2022-10-18T16:53:50+00:00","dateModified":"2024-06-26T20:42:52+00:00","breadcrumb":{"@id":"https:\/\/fabiss.ro\/despre-noi\/#breadcrumb"},"inLanguage":"hu","potentialAction":[{"@type":"ReadAction","target":["https:\/\/fabiss.ro\/despre-noi\/"]}]},{"@type":"BreadcrumbList","@id":"https:\/\/fabiss.ro\/despre-noi\/#breadcrumb","itemListElement":[{"@type":"ListItem","position":1,"name":"Prima pagin\u0103","item":"https:\/\/fabiss.ro\/"},{"@type":"ListItem","position":2,"name":"Despre noi"}]},{"@type":"WebSite","@id":"https:\/\/fabiss.ro\/#website","url":"https:\/\/fabiss.ro\/","name":"Fabiss Pet Residence\u00ae","description":"","publisher":{"@id":"https:\/\/fabiss.ro\/#organization"},"potentialAction":[{"@type":"SearchAction","target":{"@type":"EntryPoint","urlTemplate":"https:\/\/fabiss.ro\/?s={search_term_string}"},"query-input":{"@type":"PropertyValueSpecification","valueRequired":true,"valueName":"search_term_string"}}],"inLanguage":"hu"},{"@type":"Organization","@id":"https:\/\/fabiss.ro\/#organization","name":"Fabiss Pet Residence - Timi\u0219oara","url":"https:\/\/fabiss.ro\/","logo":{"@type":"ImageObject","inLanguage":"hu","@id":"https:\/\/fabiss.ro\/#\/schema\/logo\/image\/","url":"https:\/\/fabiss.ro\/wp-content\/uploads\/2022\/06\/cropped-FABISS_Pet_Residence_-_Logo_minimal-removebg-preview-e1656274651273.png","contentUrl":"https:\/\/fabiss.ro\/wp-content\/uploads\/2022\/06\/cropped-FABISS_Pet_Residence_-_Logo_minimal-removebg-preview-e1656274651273.png","width":268,"height":121,"caption":"Fabiss Pet Residence - Timi\u0219oara"},"image":{"@id":"https:\/\/fabiss.ro\/#\/schema\/logo\/image\/"},"sameAs":["https:\/\/www.facebook.com\/fabisspetresidence\/","https:\/\/www.instagram.com\/fabisspetresidence\/"]}]}},"_links":{"self":[{"href":"https:\/\/fabiss.ro\/hu\/wp-json\/wp\/v2\/pages\/4618","targetHints":{"allow":["GET"]}}],"collection":[{"href":"https:\/\/fabiss.ro\/hu\/wp-json\/wp\/v2\/pages"}],"about":[{"href":"https:\/\/fabiss.ro\/hu\/wp-json\/wp\/v2\/types\/page"}],"author":[{"embeddable":true,"href":"https:\/\/fabiss.ro\/hu\/wp-json\/wp\/v2\/users\/1"}],"replies":[{"embeddable":true,"href":"https:\/\/fabiss.ro\/hu\/wp-json\/wp\/v2\/comments?post=4618"}],"version-history":[{"count":88,"href":"https:\/\/fabiss.ro\/hu\/wp-json\/wp\/v2\/pages\/4618\/revisions"}],"predecessor-version":[{"id":7467,"href":"https:\/\/fabiss.ro\/hu\/wp-json\/wp\/v2\/pages\/4618\/revisions\/7467"}],"wp:attachment":[{"href":"https:\/\/fabiss.ro\/hu\/wp-json\/wp\/v2\/media?parent=4618"}],"curies":[{"name":"wp","href":"https:\/\/api.w.org\/{rel}","templated":true}]}}