{"id":4618,"date":"2022-10-18T16:53:50","date_gmt":"2022-10-18T16:53:50","guid":{"rendered":"http:\/\/fabiss.ro\/?page_id=4618"},"modified":"2024-06-26T20:42:52","modified_gmt":"2024-06-26T20:42:52","slug":"despre-noi","status":"publish","type":"page","link":"https:\/\/fabiss.ro\/fr\/despre-noi\/","title":{"rendered":"Qui sommes-nous"},"content":{"rendered":"<div data-elementor-type=\"wp-page\" data-elementor-id=\"4618\" class=\"elementor elementor-4618\" data-elementor-post-type=\"page\">\n\t\t\t\t\t\t<section class=\"elementor-section elementor-top-section elementor-element elementor-element-155b6e1 elementor-section-full_width elementor-section-stretched elementor-section-height-default elementor-section-height-default\" data-id=\"155b6e1\" data-element_type=\"section\" data-settings=\"{&quot;stretch_section&quot;:&quot;section-stretched&quot;,&quot;_ob_glider_is_slider&quot;:&quot;no&quot;}\">\n\t\t\t\t\t\t<div class=\"elementor-container elementor-column-gap-default\">\n\t\t\t\t\t<div class=\"elementor-column elementor-col-50 elementor-top-column elementor-element elementor-element-a450947\" data-id=\"a450947\" data-element_type=\"column\" data-settings=\"{&quot;background_background&quot;:&quot;classic&quot;,&quot;_ob_column_hoveranimator&quot;:&quot;no&quot;,&quot;_ob_column_has_pseudo&quot;:&quot;no&quot;}\">\n\t\t\t<div class=\"elementor-widget-wrap elementor-element-populated\">\n\t\t\t\t\t\t<div class=\"elementor-element elementor-element-de3491a ob-has-background-overlay elementor-widget elementor-widget-video\" data-id=\"de3491a\" data-element_type=\"widget\" data-settings=\"{&quot;youtube_url&quot;:&quot;https:\\\/\\\/www.youtube.com\\\/watch?v=o6pDUNDe_gQ&quot;,&quot;autoplay&quot;:&quot;yes&quot;,&quot;play_on_mobile&quot;:&quot;yes&quot;,&quot;video_type&quot;:&quot;youtube&quot;,&quot;controls&quot;:&quot;yes&quot;,&quot;_ob_widget_stalker_use&quot;:&quot;no&quot;,&quot;_ob_poopart_use&quot;:&quot;yes&quot;,&quot;_ob_shadough_use&quot;:&quot;no&quot;,&quot;_ob_allow_hoveranimator&quot;:&quot;no&quot;}\" data-widget_type=\"video.default\">\n\t\t\t\t<div class=\"elementor-widget-container\">\n\t\t\t\t\t<div class=\"elementor-wrapper elementor-open-inline\">\n\t\t\t<div class=\"elementor-video\"><\/div>\t\t<\/div>\n\t\t\t\t<\/div>\n\t\t\t\t<\/div>\n\t\t\t\t\t<\/div>\n\t\t<\/div>\n\t\t\t\t<div class=\"elementor-column elementor-col-50 elementor-top-column elementor-element elementor-element-151f9f2\" data-id=\"151f9f2\" data-element_type=\"column\" data-settings=\"{&quot;background_background&quot;:&quot;classic&quot;,&quot;_ob_column_hoveranimator&quot;:&quot;no&quot;,&quot;_ob_column_has_pseudo&quot;:&quot;no&quot;}\">\n\t\t\t<div class=\"elementor-widget-wrap elementor-element-populated\">\n\t\t\t\t\t\t<div class=\"elementor-element elementor-element-d1c65ee ob-harakiri-inherit ob-has-background-overlay elementor-widget elementor-widget-heading\" data-id=\"d1c65ee\" data-element_type=\"widget\" data-settings=\"{&quot;_ob_use_harakiri&quot;:&quot;yes&quot;,&quot;_ob_harakiri_writing_mode&quot;:&quot;inherit&quot;,&quot;_ob_harakiri_text_clip&quot;:&quot;none&quot;,&quot;_ob_widget_stalker_use&quot;:&quot;no&quot;,&quot;_ob_poopart_use&quot;:&quot;yes&quot;,&quot;_ob_shadough_use&quot;:&quot;no&quot;,&quot;_ob_allow_hoveranimator&quot;:&quot;no&quot;}\" data-widget_type=\"heading.default\">\n\t\t\t\t<div class=\"elementor-widget-container\">\n\t\t\t<h2 class=\"elementor-heading-title elementor-size-default\">Notre histoire<\/h2>\t\t<\/div>\n\t\t\t\t<\/div>\n\t\t\t\t<div class=\"elementor-element elementor-element-1ccee16 ob-harakiri-inherit ob-has-background-overlay elementor-widget elementor-widget-text-editor\" data-id=\"1ccee16\" data-element_type=\"widget\" data-settings=\"{&quot;_ob_use_harakiri&quot;:&quot;yes&quot;,&quot;_ob_harakiri_writing_mode&quot;:&quot;inherit&quot;,&quot;_ob_postman_use&quot;:&quot;no&quot;,&quot;_ob_widget_stalker_use&quot;:&quot;no&quot;,&quot;_ob_poopart_use&quot;:&quot;yes&quot;,&quot;_ob_shadough_use&quot;:&quot;no&quot;,&quot;_ob_allow_hoveranimator&quot;:&quot;no&quot;}\" data-widget_type=\"text-editor.default\">\n\t\t\t\t<div class=\"elementor-widget-container\">\n\t\t\t\t\t\t\t<p>L'histoire du Fabiss Animal Resort a commenc\u00e9 au printemps 2020, lorsque la pand\u00e9mie avait plac\u00e9 la Roumanie dans un confinement total. Comme beaucoup d'autres Roumains, j'ai pris une retraite temporaire \u00e0 la campagne, o\u00f9 j'ai pass\u00e9 l'une des p\u00e9riodes les plus idylliques de ma vie, en grandissant dans la maison de mes grands-parents dans la commune de P\u0103dureni.<\/p>\n<p>Par une froide soir\u00e9e de mars, je sirotais du th\u00e9 chaud \u00e0 c\u00f4t\u00e9 de ma petite fille Fabiana, l'Azorel enrag\u00e9 dans ses bras et le chaton Plu\u0219ica ronronnant \u00e0 la bouche du vieux po\u00eale. C'est \u00e0 ce moment-l\u00e0 que <strong>l'IDEA a frapp\u00e9<\/strong>. Le concept de construction d\u2019une <strong>HISTOIRE autour d\u2019un d\u00e9cor d\u2019enfance<\/strong>.<\/p>\t\t\t\t\t\t<\/div>\n\t\t\t\t<\/div>\n\t\t\t\t\t<\/div>\n\t\t<\/div>\n\t\t\t\t\t<\/div>\n\t\t<\/section>\n\t\t\t\t<section class=\"elementor-section elementor-top-section elementor-element elementor-element-3dc8276 elementor-section-full_width elementor-section-stretched elementor-section-height-default elementor-section-height-default\" data-id=\"3dc8276\" data-element_type=\"section\" data-settings=\"{&quot;stretch_section&quot;:&quot;section-stretched&quot;,&quot;background_background&quot;:&quot;classic&quot;,&quot;_ob_glider_is_slider&quot;:&quot;no&quot;}\">\n\t\t\t\t\t\t<div class=\"elementor-container elementor-column-gap-default\">\n\t\t\t\t\t<div class=\"elementor-column elementor-col-100 elementor-top-column elementor-element elementor-element-0a82359\" data-id=\"0a82359\" data-element_type=\"column\" data-settings=\"{&quot;_ob_column_hoveranimator&quot;:&quot;no&quot;,&quot;_ob_column_has_pseudo&quot;:&quot;no&quot;}\">\n\t\t\t<div class=\"elementor-widget-wrap elementor-element-populated\">\n\t\t\t\t\t\t<div class=\"elementor-element elementor-element-c03c4c1 ob-harakiri-inherit ob-has-background-overlay elementor-widget elementor-widget-text-editor\" data-id=\"c03c4c1\" data-element_type=\"widget\" data-settings=\"{&quot;_ob_use_harakiri&quot;:&quot;yes&quot;,&quot;_ob_harakiri_writing_mode&quot;:&quot;inherit&quot;,&quot;_ob_postman_use&quot;:&quot;no&quot;,&quot;_ob_widget_stalker_use&quot;:&quot;no&quot;,&quot;_ob_poopart_use&quot;:&quot;yes&quot;,&quot;_ob_shadough_use&quot;:&quot;no&quot;,&quot;_ob_allow_hoveranimator&quot;:&quot;no&quot;}\" data-widget_type=\"text-editor.default\">\n\t\t\t\t<div class=\"elementor-widget-container\">\n\t\t\t\t\t\t\t<p>Parce que nous aimons beaucoup tous les animaux, nous avons toujours eu du mal \u00e0 trouver un endroit o\u00f9 loger nos animaux bien-aim\u00e9s, chaque fois que nous voulions aller quelque part. J'\u00e9tais s\u00fbr que beaucoup d'entre nous \u00e9taient confront\u00e9s avec le m\u00eame probl\u00e8me lorsque venait le temps de partir en vacances ou en voyage d'affaires. \u00catre en s\u00e9curit\u00e9 et soign\u00e9 mais aussi choy\u00e9 - telles sont les priorit\u00e9s de chacun d'entre nous ! Nous voulions que le temps pass\u00e9 \u00e0 l'ext\u00e9rieur soit b\u00e9n\u00e9fique pour eux et insouciant pour nous.<\/p><p>Je lui ai donn\u00e9e une feuille de papier et des crayons color\u00e9s, en lui demandant de s'imaginer un endroit merveilleux. Un lieu o\u00f9 tous les animaux du monde peuvent se sentir aim\u00e9s et choy\u00e9s, o\u00f9 les enfants peuvent venir jouer, et o\u00f9 les gens de la commune, travailleurs et accueillants, ainsi que tous les amis, connaissances ou proches peuvent s'associer autour d'un projet pour la communaut\u00e9. Exactement comme dans un CONTE DE F\u00c9ES\u2026<\/p><p><strong>Et c'est comme \u00e7a que TOUT a commence...<\/strong><\/p>\t\t\t\t\t\t<\/div>\n\t\t\t\t<\/div>\n\t\t\t\t\t<\/div>\n\t\t<\/div>\n\t\t\t\t\t<\/div>\n\t\t<\/section>\n\t\t\t\t<\/div>","protected":false},"excerpt":{"rendered":"<p>Povestea noastr\u0103 Povestea Resortului pentru animale Fabiss a \u00eenceput \u00een prim\u0103vara anului 2020, c\u00e2nd \u00eentreaga Rom\u00e2nie era \u00eentr-un lockdown total datorit\u0103 pandemiei. Ca mul\u021bi al\u021bi rom\u00e2ni, m-am retras temporar \u00een mediul rural, \u00een comuna P\u0103dureni, \u00een casa bunicilor \u00een care am copil\u0103rit \u0219i \u00een care am tr\u0103it una dintre cele mai frumoase perioade ale vie\u021bii. [&hellip;]<\/p>","protected":false},"author":1,"featured_media":0,"parent":0,"menu_order":0,"comment_status":"closed","ping_status":"closed","template":"elementor_header_footer","meta":{"site-sidebar-layout":"no-sidebar","site-content-layout":"page-builder","ast-site-content-layout":"default","site-content-style":"default","site-sidebar-style":"default","ast-global-header-display":"","ast-banner-title-visibility":"","ast-main-header-display":"","ast-hfb-above-header-display":"","ast-hfb-below-header-display":"","ast-hfb-mobile-header-display":"","site-post-title":"disabled","ast-breadcrumbs-content":"","ast-featured-img":"disabled","footer-sml-layout":"","ast-disable-related-posts":"","theme-transparent-header-meta":"default","adv-header-id-meta":"","stick-header-meta":"","header-above-stick-meta":"","header-main-stick-meta":"","header-below-stick-meta":"","astra-migrate-meta-layouts":"default","ast-page-background-enabled":"default","ast-page-background-meta":{"desktop":{"background-color":"","background-image":"","background-repeat":"repeat","background-position":"center center","background-size":"auto","background-attachment":"scroll","background-type":"","background-media":"","overlay-type":"","overlay-color":"","overlay-opacity":"","overlay-gradient":""},"tablet":{"background-color":"","background-image":"","background-repeat":"repeat","background-position":"center center","background-size":"auto","background-attachment":"scroll","background-type":"","background-media":"","overlay-type":"","overlay-color":"","overlay-opacity":"","overlay-gradient":""},"mobile":{"background-color":"","background-image":"","background-repeat":"repeat","background-position":"center center","background-size":"auto","background-attachment":"scroll","background-type":"","background-media":"","overlay-type":"","overlay-color":"","overlay-opacity":"","overlay-gradient":""}},"ast-content-background-meta":{"desktop":{"background-color":"var(--ast-global-color-5)","background-image":"","background-repeat":"repeat","background-position":"center center","background-size":"auto","background-attachment":"scroll","background-type":"","background-media":"","overlay-type":"","overlay-color":"","overlay-opacity":"","overlay-gradient":""},"tablet":{"background-color":"var(--ast-global-color-5)","background-image":"","background-repeat":"repeat","background-position":"center center","background-size":"auto","background-attachment":"scroll","background-type":"","background-media":"","overlay-type":"","overlay-color":"","overlay-opacity":"","overlay-gradient":""},"mobile":{"background-color":"var(--ast-global-color-5)","background-image":"","background-repeat":"repeat","background-position":"center center","background-size":"auto","background-attachment":"scroll","background-type":"","background-media":"","overlay-type":"","overlay-color":"","overlay-opacity":"","overlay-gradient":""}},"footnotes":""},"class_list":["post-4618","page","type-page","status-publish","hentry"],"yoast_head":"<!-- This site is optimized with the Yoast SEO plugin v27.4 - https:\/\/yoast.com\/product\/yoast-seo-wordpress\/ -->\n<title>Despre noi - Fabiss Pet Residence\u00ae<\/title>\n<meta name=\"robots\" content=\"index, follow, max-snippet:-1, max-image-preview:large, max-video-preview:-1\" \/>\n<link rel=\"canonical\" href=\"https:\/\/fabiss.ro\/fr\/despre-noi\/\" \/>\n<meta property=\"og:locale\" content=\"fr_FR\" \/>\n<meta property=\"og:type\" content=\"article\" \/>\n<meta property=\"og:title\" content=\"Despre noi - Fabiss Pet Residence\u00ae\" \/>\n<meta property=\"og:description\" content=\"Povestea noastr\u0103 Povestea Resortului pentru animale Fabiss a \u00eenceput \u00een prim\u0103vara anului 2020, c\u00e2nd \u00eentreaga Rom\u00e2nie era \u00eentr-un lockdown total datorit\u0103 pandemiei. Ca mul\u021bi al\u021bi rom\u00e2ni, m-am retras temporar \u00een mediul rural, \u00een comuna P\u0103dureni, \u00een casa bunicilor \u00een care am copil\u0103rit \u0219i \u00een care am tr\u0103it una dintre cele mai frumoase perioade ale vie\u021bii. [&hellip;]\" \/>\n<meta property=\"og:url\" content=\"https:\/\/fabiss.ro\/fr\/despre-noi\/\" \/>\n<meta property=\"og:site_name\" content=\"Fabiss Pet Residence\u00ae\" \/>\n<meta property=\"article:publisher\" content=\"https:\/\/www.facebook.com\/fabisspetresidence\/\" \/>\n<meta property=\"article:modified_time\" content=\"2024-06-26T20:42:52+00:00\" \/>\n<meta name=\"twitter:card\" content=\"summary_large_image\" \/>\n<meta name=\"twitter:label1\" content=\"Dur\u00e9e de lecture estim\u00e9e\" \/>\n\t<meta name=\"twitter:data1\" content=\"2 minutes\" \/>\n<script type=\"application\/ld+json\" class=\"yoast-schema-graph\">{\"@context\":\"https:\\\/\\\/schema.org\",\"@graph\":[{\"@type\":\"WebPage\",\"@id\":\"https:\\\/\\\/fabiss.ro\\\/despre-noi\\\/\",\"url\":\"https:\\\/\\\/fabiss.ro\\\/despre-noi\\\/\",\"name\":\"Despre noi - Fabiss Pet Residence\u00ae\",\"isPartOf\":{\"@id\":\"https:\\\/\\\/fabiss.ro\\\/#website\"},\"datePublished\":\"2022-10-18T16:53:50+00:00\",\"dateModified\":\"2024-06-26T20:42:52+00:00\",\"breadcrumb\":{\"@id\":\"https:\\\/\\\/fabiss.ro\\\/despre-noi\\\/#breadcrumb\"},\"inLanguage\":\"fr-FR\",\"potentialAction\":[{\"@type\":\"ReadAction\",\"target\":[\"https:\\\/\\\/fabiss.ro\\\/despre-noi\\\/\"]}]},{\"@type\":\"BreadcrumbList\",\"@id\":\"https:\\\/\\\/fabiss.ro\\\/despre-noi\\\/#breadcrumb\",\"itemListElement\":[{\"@type\":\"ListItem\",\"position\":1,\"name\":\"Prima pagin\u0103\",\"item\":\"https:\\\/\\\/fabiss.ro\\\/\"},{\"@type\":\"ListItem\",\"position\":2,\"name\":\"Despre noi\"}]},{\"@type\":\"WebSite\",\"@id\":\"https:\\\/\\\/fabiss.ro\\\/#website\",\"url\":\"https:\\\/\\\/fabiss.ro\\\/\",\"name\":\"Fabiss Pet Residence\u00ae\",\"description\":\"\",\"publisher\":{\"@id\":\"https:\\\/\\\/fabiss.ro\\\/#organization\"},\"potentialAction\":[{\"@type\":\"SearchAction\",\"target\":{\"@type\":\"EntryPoint\",\"urlTemplate\":\"https:\\\/\\\/fabiss.ro\\\/?s={search_term_string}\"},\"query-input\":{\"@type\":\"PropertyValueSpecification\",\"valueRequired\":true,\"valueName\":\"search_term_string\"}}],\"inLanguage\":\"fr-FR\"},{\"@type\":\"Organization\",\"@id\":\"https:\\\/\\\/fabiss.ro\\\/#organization\",\"name\":\"Fabiss Pet Residence - Timi\u0219oara\",\"url\":\"https:\\\/\\\/fabiss.ro\\\/\",\"logo\":{\"@type\":\"ImageObject\",\"inLanguage\":\"fr-FR\",\"@id\":\"https:\\\/\\\/fabiss.ro\\\/#\\\/schema\\\/logo\\\/image\\\/\",\"url\":\"https:\\\/\\\/fabiss.ro\\\/wp-content\\\/uploads\\\/2022\\\/06\\\/cropped-FABISS_Pet_Residence_-_Logo_minimal-removebg-preview-e1656274651273.png\",\"contentUrl\":\"https:\\\/\\\/fabiss.ro\\\/wp-content\\\/uploads\\\/2022\\\/06\\\/cropped-FABISS_Pet_Residence_-_Logo_minimal-removebg-preview-e1656274651273.png\",\"width\":268,\"height\":121,\"caption\":\"Fabiss Pet Residence - Timi\u0219oara\"},\"image\":{\"@id\":\"https:\\\/\\\/fabiss.ro\\\/#\\\/schema\\\/logo\\\/image\\\/\"},\"sameAs\":[\"https:\\\/\\\/www.facebook.com\\\/fabisspetresidence\\\/\",\"https:\\\/\\\/www.instagram.com\\\/fabisspetresidence\\\/\"]}]}<\/script>\n<!-- \/ Yoast SEO plugin. -->","yoast_head_json":{"title":"Despre noi - Fabiss Pet Residence\u00ae","robots":{"index":"index","follow":"follow","max-snippet":"max-snippet:-1","max-image-preview":"max-image-preview:large","max-video-preview":"max-video-preview:-1"},"canonical":"https:\/\/fabiss.ro\/fr\/despre-noi\/","og_locale":"fr_FR","og_type":"article","og_title":"Despre noi - Fabiss Pet Residence\u00ae","og_description":"Povestea noastr\u0103 Povestea Resortului pentru animale Fabiss a \u00eenceput \u00een prim\u0103vara anului 2020, c\u00e2nd \u00eentreaga Rom\u00e2nie era \u00eentr-un lockdown total datorit\u0103 pandemiei. Ca mul\u021bi al\u021bi rom\u00e2ni, m-am retras temporar \u00een mediul rural, \u00een comuna P\u0103dureni, \u00een casa bunicilor \u00een care am copil\u0103rit \u0219i \u00een care am tr\u0103it una dintre cele mai frumoase perioade ale vie\u021bii. [&hellip;]","og_url":"https:\/\/fabiss.ro\/fr\/despre-noi\/","og_site_name":"Fabiss Pet Residence\u00ae","article_publisher":"https:\/\/www.facebook.com\/fabisspetresidence\/","article_modified_time":"2024-06-26T20:42:52+00:00","twitter_card":"summary_large_image","twitter_misc":{"Dur\u00e9e de lecture estim\u00e9e":"2 minutes"},"schema":{"@context":"https:\/\/schema.org","@graph":[{"@type":"WebPage","@id":"https:\/\/fabiss.ro\/despre-noi\/","url":"https:\/\/fabiss.ro\/despre-noi\/","name":"Despre noi - Fabiss Pet Residence\u00ae","isPartOf":{"@id":"https:\/\/fabiss.ro\/#website"},"datePublished":"2022-10-18T16:53:50+00:00","dateModified":"2024-06-26T20:42:52+00:00","breadcrumb":{"@id":"https:\/\/fabiss.ro\/despre-noi\/#breadcrumb"},"inLanguage":"fr-FR","potentialAction":[{"@type":"ReadAction","target":["https:\/\/fabiss.ro\/despre-noi\/"]}]},{"@type":"BreadcrumbList","@id":"https:\/\/fabiss.ro\/despre-noi\/#breadcrumb","itemListElement":[{"@type":"ListItem","position":1,"name":"Prima pagin\u0103","item":"https:\/\/fabiss.ro\/"},{"@type":"ListItem","position":2,"name":"Despre noi"}]},{"@type":"WebSite","@id":"https:\/\/fabiss.ro\/#website","url":"https:\/\/fabiss.ro\/","name":"Fabiss Pet Residence\u00ae","description":"","publisher":{"@id":"https:\/\/fabiss.ro\/#organization"},"potentialAction":[{"@type":"SearchAction","target":{"@type":"EntryPoint","urlTemplate":"https:\/\/fabiss.ro\/?s={search_term_string}"},"query-input":{"@type":"PropertyValueSpecification","valueRequired":true,"valueName":"search_term_string"}}],"inLanguage":"fr-FR"},{"@type":"Organization","@id":"https:\/\/fabiss.ro\/#organization","name":"Fabiss Pet Residence - Timi\u0219oara","url":"https:\/\/fabiss.ro\/","logo":{"@type":"ImageObject","inLanguage":"fr-FR","@id":"https:\/\/fabiss.ro\/#\/schema\/logo\/image\/","url":"https:\/\/fabiss.ro\/wp-content\/uploads\/2022\/06\/cropped-FABISS_Pet_Residence_-_Logo_minimal-removebg-preview-e1656274651273.png","contentUrl":"https:\/\/fabiss.ro\/wp-content\/uploads\/2022\/06\/cropped-FABISS_Pet_Residence_-_Logo_minimal-removebg-preview-e1656274651273.png","width":268,"height":121,"caption":"Fabiss Pet Residence - Timi\u0219oara"},"image":{"@id":"https:\/\/fabiss.ro\/#\/schema\/logo\/image\/"},"sameAs":["https:\/\/www.facebook.com\/fabisspetresidence\/","https:\/\/www.instagram.com\/fabisspetresidence\/"]}]}},"_links":{"self":[{"href":"https:\/\/fabiss.ro\/fr\/wp-json\/wp\/v2\/pages\/4618","targetHints":{"allow":["GET"]}}],"collection":[{"href":"https:\/\/fabiss.ro\/fr\/wp-json\/wp\/v2\/pages"}],"about":[{"href":"https:\/\/fabiss.ro\/fr\/wp-json\/wp\/v2\/types\/page"}],"author":[{"embeddable":true,"href":"https:\/\/fabiss.ro\/fr\/wp-json\/wp\/v2\/users\/1"}],"replies":[{"embeddable":true,"href":"https:\/\/fabiss.ro\/fr\/wp-json\/wp\/v2\/comments?post=4618"}],"version-history":[{"count":88,"href":"https:\/\/fabiss.ro\/fr\/wp-json\/wp\/v2\/pages\/4618\/revisions"}],"predecessor-version":[{"id":7467,"href":"https:\/\/fabiss.ro\/fr\/wp-json\/wp\/v2\/pages\/4618\/revisions\/7467"}],"wp:attachment":[{"href":"https:\/\/fabiss.ro\/fr\/wp-json\/wp\/v2\/media?parent=4618"}],"curies":[{"name":"wp","href":"https:\/\/api.w.org\/{rel}","templated":true}]}}