{"id":4620,"date":"2022-10-18T16:54:04","date_gmt":"2022-10-18T16:54:04","guid":{"rendered":"http:\/\/fabiss.ro\/?page_id=4620"},"modified":"2024-06-07T21:22:21","modified_gmt":"2024-06-07T21:22:21","slug":"gradinita-cateilor","status":"publish","type":"page","link":"https:\/\/fabiss.ro\/es\/gradinita-cateilor\/","title":{"rendered":"Gradinita cateilor"},"content":{"rendered":"<div data-elementor-type=\"wp-page\" data-elementor-id=\"4620\" class=\"elementor elementor-4620\" data-elementor-post-type=\"page\">\n\t\t\t\t\t\t<section class=\"elementor-section elementor-top-section elementor-element elementor-element-fb95a06 elementor-section-boxed elementor-section-height-default elementor-section-height-default\" data-id=\"fb95a06\" data-element_type=\"section\" data-settings=\"{&quot;_ob_glider_is_slider&quot;:&quot;no&quot;}\">\n\t\t\t\t\t\t<div class=\"elementor-container elementor-column-gap-default\">\n\t\t\t\t\t<div class=\"elementor-column elementor-col-100 elementor-top-column elementor-element elementor-element-fe0b9a5\" data-id=\"fe0b9a5\" data-element_type=\"column\" data-settings=\"{&quot;_ob_column_hoveranimator&quot;:&quot;no&quot;,&quot;_ob_column_has_pseudo&quot;:&quot;no&quot;}\">\n\t\t\t<div class=\"elementor-widget-wrap elementor-element-populated\">\n\t\t\t\t\t\t<div class=\"elementor-element elementor-element-d8fdcb8 ob-harakiri-inherit ob-has-background-overlay elementor-widget elementor-widget-heading\" data-id=\"d8fdcb8\" data-element_type=\"widget\" data-settings=\"{&quot;_ob_use_harakiri&quot;:&quot;yes&quot;,&quot;_ob_harakiri_writing_mode&quot;:&quot;inherit&quot;,&quot;_ob_harakiri_text_clip&quot;:&quot;none&quot;,&quot;_ob_widget_stalker_use&quot;:&quot;no&quot;,&quot;_ob_poopart_use&quot;:&quot;yes&quot;,&quot;_ob_shadough_use&quot;:&quot;no&quot;,&quot;_ob_allow_hoveranimator&quot;:&quot;no&quot;}\" data-widget_type=\"heading.default\">\n\t\t\t\t<div class=\"elementor-widget-container\">\n\t\t\t<h2 class=\"elementor-heading-title elementor-size-default\">Jard\u00edn de infantes para perros<\/h2>\t\t<\/div>\n\t\t\t\t<\/div>\n\t\t\t\t<div class=\"elementor-element elementor-element-ca9e13d ob-harakiri-inherit ob-has-background-overlay elementor-widget elementor-widget-text-editor\" data-id=\"ca9e13d\" data-element_type=\"widget\" data-settings=\"{&quot;_ob_use_harakiri&quot;:&quot;yes&quot;,&quot;_ob_harakiri_writing_mode&quot;:&quot;inherit&quot;,&quot;_ob_postman_use&quot;:&quot;no&quot;,&quot;_ob_widget_stalker_use&quot;:&quot;no&quot;,&quot;_ob_poopart_use&quot;:&quot;yes&quot;,&quot;_ob_shadough_use&quot;:&quot;no&quot;,&quot;_ob_allow_hoveranimator&quot;:&quot;no&quot;}\" data-widget_type=\"text-editor.default\">\n\t\t\t\t<div class=\"elementor-widget-container\">\n\t\t\t\t\t\t\t<p>Las reservas en el servicio de guarder\u00eda para cachorros se realizan mediante una solicitud en el siguiente formulario o por tel\u00e9fono al<strong> +40 748 391 951<\/strong><br \/>Si desea una reserva en poco tiempo (menos de 48 horas) le recomendamos la version para tel\u00e9fono.<\/p>\t\t\t\t\t\t<\/div>\n\t\t\t\t<\/div>\n\t\t\t\t\t<\/div>\n\t\t<\/div>\n\t\t\t\t\t<\/div>\n\t\t<\/section>\n\t\t\t\t<section class=\"elementor-section elementor-top-section elementor-element elementor-element-744480e elementor-section-boxed elementor-section-height-default elementor-section-height-default\" data-id=\"744480e\" data-element_type=\"section\" data-settings=\"{&quot;_ob_glider_is_slider&quot;:&quot;no&quot;}\">\n\t\t\t\t\t\t<div class=\"elementor-container elementor-column-gap-default\">\n\t\t\t\t\t<div class=\"elementor-column elementor-col-100 elementor-top-column elementor-element elementor-element-2993373\" data-id=\"2993373\" data-element_type=\"column\" data-settings=\"{&quot;_ob_column_hoveranimator&quot;:&quot;no&quot;,&quot;_ob_column_has_pseudo&quot;:&quot;no&quot;}\">\n\t\t\t<div class=\"elementor-widget-wrap elementor-element-populated\">\n\t\t\t\t\t\t<div class=\"elementor-element elementor-element-5905eab ob-has-background-overlay elementor-widget elementor-widget-shortcode\" data-id=\"5905eab\" data-element_type=\"widget\" data-settings=\"{&quot;_ob_widget_stalker_use&quot;:&quot;no&quot;,&quot;_ob_poopart_use&quot;:&quot;yes&quot;,&quot;_ob_shadough_use&quot;:&quot;no&quot;,&quot;_ob_allow_hoveranimator&quot;:&quot;no&quot;}\" data-widget_type=\"shortcode.default\">\n\t\t\t\t<div class=\"elementor-widget-container\">\n\t\t\t\t\t<div class=\"elementor-shortcode\"><div class=\"forminator-ui forminator-custom-form forminator-custom-form-4622 forminator-design--default  forminator_ajax\" data-forminator-render=\"0\" data-form=\"forminator-module-4622\" data-uid=\"69e04b1bb8a97\"><br\/><\/div><form\n\t\t\t\tid=\"forminator-module-4622\"\n\t\t\t\tclass=\"forminator-ui forminator-custom-form forminator-custom-form-4622 forminator-design--default  forminator_ajax\"\n\t\t\t\tmethod=\"post\"\n\t\t\t\tdata-forminator-render=\"0\"\n\t\t\t\tdata-form-id=\"4622\"\n\t\t\t\t data-color-option=\"default\" data-design=\"default\" data-grid=\"open\" style=\"display: none;\"\n\t\t\t\tdata-uid=\"69e04b1bb8a97\"\n\t\t\t><div role=\"alert\" aria-live=\"polite\" class=\"forminator-response-message forminator-error\" aria-hidden=\"true\"><\/div><div class=\"forminator-row\"><div id=\"name-1\" class=\"forminator-field-name forminator-col forminator-col-12\"><div class=\"forminator-row forminator-no-margin\" data-multiple=\"true\"><div class=\"forminator-col forminator-col-md-6\"><div class=\"forminator-field\"><label for=\"forminator-field-first-name-1_69e04b1bb8a97\" id=\"forminator-field-first-name-1_69e04b1bb8a97-label\" class=\"forminator-label\">Nombre <span class=\"forminator-required\">*<\/span><\/label><input type=\"text\" name=\"name-1-first-name\" placeholder=\"Ex. Mihai\" id=\"forminator-field-first-name-1_69e04b1bb8a97\" class=\"forminator-input\" aria-required=\"true\" data-multi=\"1\" autocomplete=\"given-name\" value=\"\" \/><\/div><\/div><div class=\"forminator-col forminator-col-md-6\"><div class=\"forminator-field\"><label for=\"forminator-field-last-name-1_69e04b1bb8a97\" id=\"forminator-field-last-name-1_69e04b1bb8a97-label\" class=\"forminator-label\">Nombre <span class=\"forminator-required\">*<\/span><\/label><input type=\"text\" name=\"name-1-last-name\" placeholder=\"Ex. Popescu\" id=\"forminator-field-last-name-1_69e04b1bb8a97\" class=\"forminator-input\" aria-required=\"true\" data-multi=\"1\" autocomplete=\"family-name\" value=\"\" \/><\/div><\/div><\/div><\/div><\/div><div class=\"forminator-row\"><div id=\"phone-1\" class=\"forminator-field-phone forminator-col forminator-col-12\"><div class=\"forminator-field\"><label for=\"forminator-field-phone-1_69e04b1bb8a97\" id=\"forminator-field-phone-1_69e04b1bb8a97-label\" class=\"forminator-label\">N\u00famero de tel\u00e9fono <span class=\"forminator-required\">*<\/span><\/label><input type=\"text\" name=\"phone-1\" value=\"\" placeholder=\"Ex: +40770600500\" id=\"forminator-field-phone-1_69e04b1bb8a97\" class=\"forminator-input forminator-field--phone\" data-required=\"1\" aria-required=\"true\" autocomplete=\"off\" \/><\/div><\/div><\/div><div class=\"forminator-row\"><div id=\"textarea-1\" class=\"forminator-field-textarea forminator-col forminator-col-12\"><div class=\"forminator-field\"><label for=\"forminator-field-textarea-1_69e04b1bb8a97\" id=\"forminator-field-textarea-1_69e04b1bb8a97-label\" class=\"forminator-label\">N\u00famero, raza, sexo y edad del(los) Cachorro(s) <span class=\"forminator-required\">*<\/span><\/label><textarea name=\"textarea-1\" placeholder=\"\" id=\"forminator-field-textarea-1_69e04b1bb8a97\" class=\"forminator-textarea\" rows=\"6\" style=\"min-height:140px;\" ><\/textarea><\/div><\/div><\/div><div class=\"forminator-row\"><div id=\"textarea-2\" class=\"forminator-field-textarea forminator-col forminator-col-12\"><div class=\"forminator-field\"><label for=\"forminator-field-textarea-2_69e04b1bb8a97\" id=\"forminator-field-textarea-2_69e04b1bb8a97-label\" class=\"forminator-label\">Otros detalles sobre su(s) Cachorro(s) (opcional)<\/label><textarea name=\"textarea-2\" placeholder=\"\" id=\"forminator-field-textarea-2_69e04b1bb8a97\" class=\"forminator-textarea\" rows=\"6\" style=\"min-height:140px;\" ><\/textarea><\/div><\/div><\/div><div class=\"forminator-row\"><div id=\"date-1\" class=\"forminator-field-date forminator-col forminator-col-12\"><div class=\"forminator-field\"><label for=\"forminator-field-date-1-picker_69e04b1bb8a97\" id=\"forminator-field-date-1-picker_69e04b1bb8a97-label\" class=\"forminator-label\">Seleccione la fecha en la que le gustar\u00eda traer a su perro <span class=\"forminator-required\">*<\/span><\/label><div class=\"forminator-input-with-icon\"><span class=\"forminator-icon-calendar\" aria-hidden=\"true\"><\/span><input autocomplete=\"off\" type=\"text\" size=\"1\" name=\"date-1\" value=\"\" placeholder=\"Alege o dat\u0103\" id=\"forminator-field-date-1-picker_69e04b1bb8a97\" class=\"forminator-input forminator-datepicker\" data-required=\"1\" data-format=\"dd-mm-yy\" data-restrict-type=\"\" data-restrict=\"\" data-start-year=\"1926\" data-end-year=\"2126\" data-past-dates=\"enable\" data-start-of-week=\"1\" data-start-date=\"\" data-end-date=\"\" data-start-field=\"\" data-end-field=\"\" data-start-offset=\"\" data-end-offset=\"\" data-disable-date=\"\" data-disable-range=\"\" \/><\/div><\/div><\/div><\/div><input type=\"hidden\" name=\"referer_url\" value=\"\" \/><div class=\"forminator-row forminator-row-last\"><div class=\"forminator-col\"><div class=\"forminator-field\"><button class=\"forminator-button forminator-button-submit\">Enviar una solicitud<\/button><\/div><\/div><\/div><input type=\"hidden\" id=\"forminator_nonce\" name=\"forminator_nonce\" value=\"c176f48ca3\" \/><input type=\"hidden\" name=\"_wp_http_referer\" value=\"\/es\/wp-json\/wp\/v2\/pages\/4620\" \/><input type=\"hidden\" name=\"form_id\" value=\"4622\"><input type=\"hidden\" name=\"page_id\" value=\"4620\"><input type=\"hidden\" name=\"form_type\" value=\"default\"><input type=\"hidden\" name=\"current_url\" value=\"https:\/\/fabiss.ro\/es\/gradinita-cateilor\/\"><input type=\"hidden\" name=\"render_id\" value=\"0\"><input type=\"hidden\" name=\"action\" value=\"forminator_submit_form_custom-forms\"><input type=\"hidden\" name=\"trp-form-language\" value=\"es\"\/><\/form><\/div>\n\t\t\t\t<\/div>\n\t\t\t\t<\/div>\n\t\t\t\t\t<\/div>\n\t\t<\/div>\n\t\t\t\t\t<\/div>\n\t\t<\/section>\n\t\t\t\t<\/div>","protected":false},"excerpt":{"rendered":"<p>Gr\u0103dini\u021ba c\u0103\u021beilor Rezerv\u0103rile \u00een cadrul serviciului de gr\u0103dini\u021b\u0103 pentru c\u0103\u021bei se fac printr-o solicitare \u00een formularul de mai jos sau telefonic la num\u0103rul +40 748 391 951Dac\u0103 se dore\u0219te o rezervare \u00eentr-un timp scurt (sub 48 de ore) recomand\u0103m varianta telefonic\u0103.<\/p>","protected":false},"author":1,"featured_media":0,"parent":0,"menu_order":0,"comment_status":"closed","ping_status":"closed","template":"elementor_header_footer","meta":{"site-sidebar-layout":"no-sidebar","site-content-layout":"page-builder","ast-site-content-layout":"default","site-content-style":"default","site-sidebar-style":"default","ast-global-header-display":"","ast-banner-title-visibility":"","ast-main-header-display":"","ast-hfb-above-header-display":"","ast-hfb-below-header-display":"","ast-hfb-mobile-header-display":"","site-post-title":"disabled","ast-breadcrumbs-content":"","ast-featured-img":"disabled","footer-sml-layout":"","ast-disable-related-posts":"","theme-transparent-header-meta":"default","adv-header-id-meta":"","stick-header-meta":"","header-above-stick-meta":"","header-main-stick-meta":"","header-below-stick-meta":"","astra-migrate-meta-layouts":"default","ast-page-background-enabled":"default","ast-page-background-meta":{"desktop":{"background-color":"","background-image":"","background-repeat":"repeat","background-position":"center center","background-size":"auto","background-attachment":"scroll","background-type":"","background-media":"","overlay-type":"","overlay-color":"","overlay-opacity":"","overlay-gradient":""},"tablet":{"background-color":"","background-image":"","background-repeat":"repeat","background-position":"center center","background-size":"auto","background-attachment":"scroll","background-type":"","background-media":"","overlay-type":"","overlay-color":"","overlay-opacity":"","overlay-gradient":""},"mobile":{"background-color":"","background-image":"","background-repeat":"repeat","background-position":"center center","background-size":"auto","background-attachment":"scroll","background-type":"","background-media":"","overlay-type":"","overlay-color":"","overlay-opacity":"","overlay-gradient":""}},"ast-content-background-meta":{"desktop":{"background-color":"var(--ast-global-color-5)","background-image":"","background-repeat":"repeat","background-position":"center center","background-size":"auto","background-attachment":"scroll","background-type":"","background-media":"","overlay-type":"","overlay-color":"","overlay-opacity":"","overlay-gradient":""},"tablet":{"background-color":"var(--ast-global-color-5)","background-image":"","background-repeat":"repeat","background-position":"center center","background-size":"auto","background-attachment":"scroll","background-type":"","background-media":"","overlay-type":"","overlay-color":"","overlay-opacity":"","overlay-gradient":""},"mobile":{"background-color":"var(--ast-global-color-5)","background-image":"","background-repeat":"repeat","background-position":"center center","background-size":"auto","background-attachment":"scroll","background-type":"","background-media":"","overlay-type":"","overlay-color":"","overlay-opacity":"","overlay-gradient":""}},"footnotes":""},"class_list":["post-4620","page","type-page","status-publish","hentry"],"yoast_head":"<!-- This site is optimized with the Yoast SEO plugin v27.4 - https:\/\/yoast.com\/product\/yoast-seo-wordpress\/ -->\n<title>Gradinita cateilor - Fabiss Pet Residence\u00ae<\/title>\n<meta name=\"robots\" content=\"index, follow, max-snippet:-1, max-image-preview:large, max-video-preview:-1\" \/>\n<link rel=\"canonical\" href=\"https:\/\/fabiss.ro\/es\/gradinita-cateilor\/\" \/>\n<meta property=\"og:locale\" content=\"es_ES\" \/>\n<meta property=\"og:type\" content=\"article\" \/>\n<meta property=\"og:title\" content=\"Gradinita cateilor - Fabiss Pet Residence\u00ae\" \/>\n<meta property=\"og:description\" content=\"Gr\u0103dini\u021ba c\u0103\u021beilor Rezerv\u0103rile \u00een cadrul serviciului de gr\u0103dini\u021b\u0103 pentru c\u0103\u021bei se fac printr-o solicitare \u00een formularul de mai jos sau telefonic la num\u0103rul +40 748 391 951Dac\u0103 se dore\u0219te o rezervare \u00eentr-un timp scurt (sub 48 de ore) recomand\u0103m varianta telefonic\u0103.\" \/>\n<meta property=\"og:url\" content=\"https:\/\/fabiss.ro\/es\/gradinita-cateilor\/\" \/>\n<meta property=\"og:site_name\" content=\"Fabiss Pet Residence\u00ae\" \/>\n<meta property=\"article:publisher\" content=\"https:\/\/www.facebook.com\/fabisspetresidence\/\" \/>\n<meta property=\"article:modified_time\" content=\"2024-06-07T21:22:21+00:00\" \/>\n<meta name=\"twitter:card\" content=\"summary_large_image\" \/>\n<meta name=\"twitter:label1\" content=\"Tiempo de lectura\" \/>\n\t<meta name=\"twitter:data1\" content=\"1 minuto\" \/>\n<script type=\"application\/ld+json\" class=\"yoast-schema-graph\">{\"@context\":\"https:\\\/\\\/schema.org\",\"@graph\":[{\"@type\":\"WebPage\",\"@id\":\"https:\\\/\\\/fabiss.ro\\\/gradinita-cateilor\\\/\",\"url\":\"https:\\\/\\\/fabiss.ro\\\/gradinita-cateilor\\\/\",\"name\":\"Gradinita cateilor - Fabiss Pet Residence\u00ae\",\"isPartOf\":{\"@id\":\"https:\\\/\\\/fabiss.ro\\\/#website\"},\"datePublished\":\"2022-10-18T16:54:04+00:00\",\"dateModified\":\"2024-06-07T21:22:21+00:00\",\"breadcrumb\":{\"@id\":\"https:\\\/\\\/fabiss.ro\\\/gradinita-cateilor\\\/#breadcrumb\"},\"inLanguage\":\"es\",\"potentialAction\":[{\"@type\":\"ReadAction\",\"target\":[\"https:\\\/\\\/fabiss.ro\\\/gradinita-cateilor\\\/\"]}]},{\"@type\":\"BreadcrumbList\",\"@id\":\"https:\\\/\\\/fabiss.ro\\\/gradinita-cateilor\\\/#breadcrumb\",\"itemListElement\":[{\"@type\":\"ListItem\",\"position\":1,\"name\":\"Prima pagin\u0103\",\"item\":\"https:\\\/\\\/fabiss.ro\\\/\"},{\"@type\":\"ListItem\",\"position\":2,\"name\":\"Gradinita cateilor\"}]},{\"@type\":\"WebSite\",\"@id\":\"https:\\\/\\\/fabiss.ro\\\/#website\",\"url\":\"https:\\\/\\\/fabiss.ro\\\/\",\"name\":\"Fabiss Pet Residence\u00ae\",\"description\":\"\",\"publisher\":{\"@id\":\"https:\\\/\\\/fabiss.ro\\\/#organization\"},\"potentialAction\":[{\"@type\":\"SearchAction\",\"target\":{\"@type\":\"EntryPoint\",\"urlTemplate\":\"https:\\\/\\\/fabiss.ro\\\/?s={search_term_string}\"},\"query-input\":{\"@type\":\"PropertyValueSpecification\",\"valueRequired\":true,\"valueName\":\"search_term_string\"}}],\"inLanguage\":\"es\"},{\"@type\":\"Organization\",\"@id\":\"https:\\\/\\\/fabiss.ro\\\/#organization\",\"name\":\"Fabiss Pet Residence - Timi\u0219oara\",\"url\":\"https:\\\/\\\/fabiss.ro\\\/\",\"logo\":{\"@type\":\"ImageObject\",\"inLanguage\":\"es\",\"@id\":\"https:\\\/\\\/fabiss.ro\\\/#\\\/schema\\\/logo\\\/image\\\/\",\"url\":\"https:\\\/\\\/fabiss.ro\\\/wp-content\\\/uploads\\\/2022\\\/06\\\/cropped-FABISS_Pet_Residence_-_Logo_minimal-removebg-preview-e1656274651273.png\",\"contentUrl\":\"https:\\\/\\\/fabiss.ro\\\/wp-content\\\/uploads\\\/2022\\\/06\\\/cropped-FABISS_Pet_Residence_-_Logo_minimal-removebg-preview-e1656274651273.png\",\"width\":268,\"height\":121,\"caption\":\"Fabiss Pet Residence - Timi\u0219oara\"},\"image\":{\"@id\":\"https:\\\/\\\/fabiss.ro\\\/#\\\/schema\\\/logo\\\/image\\\/\"},\"sameAs\":[\"https:\\\/\\\/www.facebook.com\\\/fabisspetresidence\\\/\",\"https:\\\/\\\/www.instagram.com\\\/fabisspetresidence\\\/\"]}]}<\/script>\n<!-- \/ Yoast SEO plugin. -->","yoast_head_json":{"title":"Gradinita cateilor - Fabiss Pet Residence\u00ae","robots":{"index":"index","follow":"follow","max-snippet":"max-snippet:-1","max-image-preview":"max-image-preview:large","max-video-preview":"max-video-preview:-1"},"canonical":"https:\/\/fabiss.ro\/es\/gradinita-cateilor\/","og_locale":"es_ES","og_type":"article","og_title":"Gradinita cateilor - Fabiss Pet Residence\u00ae","og_description":"Gr\u0103dini\u021ba c\u0103\u021beilor Rezerv\u0103rile \u00een cadrul serviciului de gr\u0103dini\u021b\u0103 pentru c\u0103\u021bei se fac printr-o solicitare \u00een formularul de mai jos sau telefonic la num\u0103rul +40 748 391 951Dac\u0103 se dore\u0219te o rezervare \u00eentr-un timp scurt (sub 48 de ore) recomand\u0103m varianta telefonic\u0103.","og_url":"https:\/\/fabiss.ro\/es\/gradinita-cateilor\/","og_site_name":"Fabiss Pet Residence\u00ae","article_publisher":"https:\/\/www.facebook.com\/fabisspetresidence\/","article_modified_time":"2024-06-07T21:22:21+00:00","twitter_card":"summary_large_image","twitter_misc":{"Tiempo de lectura":"1 minuto"},"schema":{"@context":"https:\/\/schema.org","@graph":[{"@type":"WebPage","@id":"https:\/\/fabiss.ro\/gradinita-cateilor\/","url":"https:\/\/fabiss.ro\/gradinita-cateilor\/","name":"Gradinita cateilor - Fabiss Pet Residence\u00ae","isPartOf":{"@id":"https:\/\/fabiss.ro\/#website"},"datePublished":"2022-10-18T16:54:04+00:00","dateModified":"2024-06-07T21:22:21+00:00","breadcrumb":{"@id":"https:\/\/fabiss.ro\/gradinita-cateilor\/#breadcrumb"},"inLanguage":"es","potentialAction":[{"@type":"ReadAction","target":["https:\/\/fabiss.ro\/gradinita-cateilor\/"]}]},{"@type":"BreadcrumbList","@id":"https:\/\/fabiss.ro\/gradinita-cateilor\/#breadcrumb","itemListElement":[{"@type":"ListItem","position":1,"name":"Prima pagin\u0103","item":"https:\/\/fabiss.ro\/"},{"@type":"ListItem","position":2,"name":"Gradinita cateilor"}]},{"@type":"WebSite","@id":"https:\/\/fabiss.ro\/#website","url":"https:\/\/fabiss.ro\/","name":"Fabiss Pet Residence\u00ae","description":"","publisher":{"@id":"https:\/\/fabiss.ro\/#organization"},"potentialAction":[{"@type":"SearchAction","target":{"@type":"EntryPoint","urlTemplate":"https:\/\/fabiss.ro\/?s={search_term_string}"},"query-input":{"@type":"PropertyValueSpecification","valueRequired":true,"valueName":"search_term_string"}}],"inLanguage":"es"},{"@type":"Organization","@id":"https:\/\/fabiss.ro\/#organization","name":"Fabiss Pet Residence - Timi\u0219oara","url":"https:\/\/fabiss.ro\/","logo":{"@type":"ImageObject","inLanguage":"es","@id":"https:\/\/fabiss.ro\/#\/schema\/logo\/image\/","url":"https:\/\/fabiss.ro\/wp-content\/uploads\/2022\/06\/cropped-FABISS_Pet_Residence_-_Logo_minimal-removebg-preview-e1656274651273.png","contentUrl":"https:\/\/fabiss.ro\/wp-content\/uploads\/2022\/06\/cropped-FABISS_Pet_Residence_-_Logo_minimal-removebg-preview-e1656274651273.png","width":268,"height":121,"caption":"Fabiss Pet Residence - Timi\u0219oara"},"image":{"@id":"https:\/\/fabiss.ro\/#\/schema\/logo\/image\/"},"sameAs":["https:\/\/www.facebook.com\/fabisspetresidence\/","https:\/\/www.instagram.com\/fabisspetresidence\/"]}]}},"_links":{"self":[{"href":"https:\/\/fabiss.ro\/es\/wp-json\/wp\/v2\/pages\/4620","targetHints":{"allow":["GET"]}}],"collection":[{"href":"https:\/\/fabiss.ro\/es\/wp-json\/wp\/v2\/pages"}],"about":[{"href":"https:\/\/fabiss.ro\/es\/wp-json\/wp\/v2\/types\/page"}],"author":[{"embeddable":true,"href":"https:\/\/fabiss.ro\/es\/wp-json\/wp\/v2\/users\/1"}],"replies":[{"embeddable":true,"href":"https:\/\/fabiss.ro\/es\/wp-json\/wp\/v2\/comments?post=4620"}],"version-history":[{"count":22,"href":"https:\/\/fabiss.ro\/es\/wp-json\/wp\/v2\/pages\/4620\/revisions"}],"predecessor-version":[{"id":7379,"href":"https:\/\/fabiss.ro\/es\/wp-json\/wp\/v2\/pages\/4620\/revisions\/7379"}],"wp:attachment":[{"href":"https:\/\/fabiss.ro\/es\/wp-json\/wp\/v2\/media?parent=4620"}],"curies":[{"name":"wp","href":"https:\/\/api.w.org\/{rel}","templated":true}]}}