{"id":4137,"date":"2022-07-26T14:44:29","date_gmt":"2022-07-26T14:44:29","guid":{"rendered":"http:\/\/fabiss.ro\/?page_id=4137"},"modified":"2022-11-30T13:24:23","modified_gmt":"2022-11-30T13:24:23","slug":"gdpr","status":"publish","type":"page","link":"https:\/\/fabiss.ro\/de\/gdpr\/","title":{"rendered":"GDPR"},"content":{"rendered":"<div data-elementor-type=\"wp-page\" data-elementor-id=\"4137\" class=\"elementor elementor-4137\" data-elementor-post-type=\"page\">\n\t\t\t\t\t\t<section class=\"elementor-section elementor-top-section elementor-element elementor-element-dd010e0 elementor-section-boxed elementor-section-height-default elementor-section-height-default\" data-id=\"dd010e0\" data-element_type=\"section\" data-settings=\"{&quot;_ob_glider_is_slider&quot;:&quot;no&quot;}\">\n\t\t\t\t\t\t<div class=\"elementor-container elementor-column-gap-default\">\n\t\t\t\t\t<div class=\"elementor-column elementor-col-100 elementor-top-column elementor-element elementor-element-89d59b9\" data-id=\"89d59b9\" data-element_type=\"column\" data-settings=\"{&quot;_ob_column_hoveranimator&quot;:&quot;no&quot;,&quot;_ob_column_has_pseudo&quot;:&quot;no&quot;}\">\n\t\t\t<div class=\"elementor-widget-wrap elementor-element-populated\">\n\t\t\t\t\t\t<div class=\"elementor-element elementor-element-2b9526f ob-harakiri-inherit ob-has-background-overlay elementor-widget elementor-widget-heading\" data-id=\"2b9526f\" data-element_type=\"widget\" data-settings=\"{&quot;_ob_use_harakiri&quot;:&quot;yes&quot;,&quot;_ob_harakiri_writing_mode&quot;:&quot;inherit&quot;,&quot;_ob_harakiri_text_clip&quot;:&quot;none&quot;,&quot;_ob_widget_stalker_use&quot;:&quot;no&quot;,&quot;_ob_poopart_use&quot;:&quot;yes&quot;,&quot;_ob_shadough_use&quot;:&quot;no&quot;,&quot;_ob_allow_hoveranimator&quot;:&quot;no&quot;}\" data-widget_type=\"heading.default\">\n\t\t\t\t<div class=\"elementor-widget-container\">\n\t\t\t<h2 class=\"elementor-heading-title elementor-size-default\">Notificare de prelucrare a <br>datelor cu caracter personal<\/h2>\t\t<\/div>\n\t\t\t\t<\/div>\n\t\t\t\t<div class=\"elementor-element elementor-element-aa5e067 ob-harakiri-inherit ob-has-background-overlay elementor-widget elementor-widget-text-editor\" data-id=\"aa5e067\" data-element_type=\"widget\" data-settings=\"{&quot;_ob_use_harakiri&quot;:&quot;yes&quot;,&quot;_ob_harakiri_writing_mode&quot;:&quot;inherit&quot;,&quot;_ob_postman_use&quot;:&quot;no&quot;,&quot;_ob_widget_stalker_use&quot;:&quot;no&quot;,&quot;_ob_poopart_use&quot;:&quot;yes&quot;,&quot;_ob_shadough_use&quot;:&quot;no&quot;,&quot;_ob_allow_hoveranimator&quot;:&quot;no&quot;}\" data-widget_type=\"text-editor.default\">\n\t\t\t\t<div class=\"elementor-widget-container\">\n\t\t\t\t\t\t\t<p>1. Cine suntem<\/p><p>FABISS PET RESIDENCE SRL este o companie \u00eenregistrat\u0103 in Romania av\u00e2nd ca obiectiv comer\u021bul cu am\u0103nuntul a produselor alimentare.<\/p><p>2. Date personale pe care le prelucr\u0103m<\/p><p>FABISS PET RESIDENCE SRL este un operator de date cu caracter personal. Colect\u0103m urm\u0103toarele tipuri de date personale de la dvs.:<\/p><p>\u2022 Nume \u0219i prenume<\/p><p>\u2022 E-mail<\/p><p>\u2022 Mesaj c\u0103tre noi<\/p><p>\u2022 Comportament online<\/p><p>3. De ce avem nevoie de ele<\/p><p>Avem nevoie de datele dvs personale pentru a v\u0103 oferi urm\u0103toarele servicii:<\/p><p>R\u0103spunsul la mesajele dvs \u00een temeiul legal al demersurilor la cererea persoanei vizate \u00eenainte de \u00eencheierea unui posibil contract:<\/p><p>\u2022 Nume \u0219i prenume \u2013 pentru a v\u0103 putea contacta<\/p><p>\u2022 E-mail \u2013 pentru a v\u0103 putea trimite r\u0103spunsul la mesajul dvs<\/p><p>\u2022 Mesaj c\u0103tre noi \u2013 pentru a v\u0103 putea adresa r\u0103spunsul<\/p><p>Cu consim\u021b\u0103m\u00e2ntul dumneavoastr\u0103, am dori s\u0103 prelucr\u0103m \u0219i urm\u0103toarele date cu caracter personal:<\/p><p>Newsletter:<\/p><p>\u2022 Nume \u0219i prenume \u2013 pentru a v\u0103 putea contacta<\/p><p>\u2022 E-mail \u2013 pentru a v\u0103 putea trimite newsletter-ul<\/p><p>Comportament online<\/p><p>\u2022 Istoria navig\u0103rii \u2013 partaj\u0103m aceste informa\u021bii cu partenerii no\u0219tri pentru a v\u0103 putea livra reclame personalizate.\u00a0<\/p><p>4. Ce facem cu ele<\/p><p>Datele dumneavoastr\u0103 cu caracter personal sunt prelucrate \u00een cadrul companiei FABISS PET RESIDENCE SRL situat\u0103 \u00een Rom\u00e2nia. G\u0103zduirea \u0219i stocarea datelor dumneavoastr\u0103 are loc \u00een Rom\u00e2nia.<\/p><p>Datele dvs cu caracter personal pentru newsletter sunt prelucrate \u0219i de c\u0103tre MailChimp (companie irlandez\u0103) \u00een calitate de persoan\u0103 \u00eemputernicit\u0103 pentru FABISS PET RESIDENCE.<\/p><p>Datele dvs cu caracter personal pentru istoria navig\u0103rii sunt transmise partenerilor no\u0219tri descri\u0219i \u00een politica de cookies. V\u0103 rug\u0103m consulta\u021bi descrierea acestor parteneri \u00een aceast\u0103 pagin\u0103.<\/p><p>5. C\u00e2t timp p\u0103str\u0103m datele cu caracter personal<\/p><p>Pentru mesaje vom p\u0103stra datele dumneavoastr\u0103 cu caracter personal pe o perioad\u0103 de \u0219ase luni dup\u0103 ce v-am r\u0103spuns.<\/p><p>Pentru newsletter vom p\u0103stra datele dumneavoastr\u0103 cu caracter personal p\u00e2n\u0103 la oprirea ini\u021biativei de newsletter sau p\u00e2n\u0103 c\u00e2nd v\u0103 retrage\u021bi consim\u021b\u0103m\u00e2ntul.<\/p><p>Pentru istoria navig\u0103rii datele dumneavoastr\u0103 cu caracter personal sunt p\u0103strate doar pe durata de via\u021b\u0103 a cookie-ului.<\/p><p>6. Care sunt drepturile dvs?<\/p><p>Dac\u0103 ave\u021bi motive s\u0103 crede\u021bi c\u0103 orice date personale pe care le de\u021binem despre dvs sunt incorecte sau incomplete, ave\u021bi dreptul s\u0103 solicita\u021bi s\u0103 vede\u021bi aceste informa\u021bii, s\u0103 le rectifica\u021bi sau s\u0103 cere\u021bi s\u0103 fie \u0219terse, s\u0103 solicita\u021bi<br \/>restric\u021bionarea prelucr\u0103rii sau s\u0103 v\u0103 opune\u021bi prelucr\u0103rii \u0219i de asemenea ave\u021bi dreptul la portabilitatea datelor . Pentru exercitarea acestor drepturi va rugam sa ne contacta\u021bi la contact@fabiss.ro.<\/p><p>Ave\u021bi de asemenea dreptul s\u0103 v\u0103 retrage\u021bi consim\u021b\u0103m\u00e2ntul dat pentru newsletter, fie dezabon\u00e2ndu-v\u0103 direct fie trimi\u021b\u00e2nd un mail la contact@fabiss.ro.<\/p><p>Dac\u0103 dori\u021bi s\u0103 \u00eenainta\u021bi o pl\u00e2ngere legat\u0103 de modul \u00een care v-am procesat datele personale, contacta\u021bi responsabilul cu protec\u021bia datelor la urm\u0103toarea adresa de e-mail contact@fabiss.ro.<br \/>Responsabilul cu protec\u021bia datelor va lua leg\u0103tura cu dumneavoastr\u0103 pentru a solu\u021biona problema ridicat\u0103.<\/p><p>De asemenea pute\u021bi contacta Autoritatea Na\u021bional\u0103 de Supraveghere a Prelucr\u0103rii Datelor cu Caracter Personal la\u00a0www.dataprotection.ro\u00a0\u0219i pute\u021bi depune o pl\u00e2ngere la ei.<\/p>\t\t\t\t\t\t<\/div>\n\t\t\t\t<\/div>\n\t\t\t\t\t<\/div>\n\t\t<\/div>\n\t\t\t\t\t<\/div>\n\t\t<\/section>\n\t\t\t\t<\/div>","protected":false},"excerpt":{"rendered":"<p>Notificare de prelucrare a datelor cu caracter personal 1. Cine suntem FABISS PET RESIDENCE SRL este o companie \u00eenregistrat\u0103 in Romania av\u00e2nd ca obiectiv comer\u021bul cu am\u0103nuntul a produselor alimentare. 2. Date personale pe care le prelucr\u0103m FABISS PET RESIDENCE SRL este un operator de date cu caracter personal. Colect\u0103m urm\u0103toarele tipuri de date personale [&hellip;]<\/p>","protected":false},"author":1,"featured_media":0,"parent":0,"menu_order":0,"comment_status":"closed","ping_status":"closed","template":"elementor_header_footer","meta":{"site-sidebar-layout":"no-sidebar","site-content-layout":"page-builder","ast-site-content-layout":"default","site-content-style":"default","site-sidebar-style":"default","ast-global-header-display":"","ast-banner-title-visibility":"","ast-main-header-display":"","ast-hfb-above-header-display":"","ast-hfb-below-header-display":"","ast-hfb-mobile-header-display":"","site-post-title":"disabled","ast-breadcrumbs-content":"","ast-featured-img":"disabled","footer-sml-layout":"","ast-disable-related-posts":"","theme-transparent-header-meta":"default","adv-header-id-meta":"","stick-header-meta":"","header-above-stick-meta":"","header-main-stick-meta":"","header-below-stick-meta":"","astra-migrate-meta-layouts":"default","ast-page-background-enabled":"default","ast-page-background-meta":{"desktop":{"background-color":"","background-image":"","background-repeat":"repeat","background-position":"center center","background-size":"auto","background-attachment":"scroll","background-type":"","background-media":"","overlay-type":"","overlay-color":"","overlay-opacity":"","overlay-gradient":""},"tablet":{"background-color":"","background-image":"","background-repeat":"repeat","background-position":"center center","background-size":"auto","background-attachment":"scroll","background-type":"","background-media":"","overlay-type":"","overlay-color":"","overlay-opacity":"","overlay-gradient":""},"mobile":{"background-color":"","background-image":"","background-repeat":"repeat","background-position":"center center","background-size":"auto","background-attachment":"scroll","background-type":"","background-media":"","overlay-type":"","overlay-color":"","overlay-opacity":"","overlay-gradient":""}},"ast-content-background-meta":{"desktop":{"background-color":"var(--ast-global-color-5)","background-image":"","background-repeat":"repeat","background-position":"center center","background-size":"auto","background-attachment":"scroll","background-type":"","background-media":"","overlay-type":"","overlay-color":"","overlay-opacity":"","overlay-gradient":""},"tablet":{"background-color":"var(--ast-global-color-5)","background-image":"","background-repeat":"repeat","background-position":"center center","background-size":"auto","background-attachment":"scroll","background-type":"","background-media":"","overlay-type":"","overlay-color":"","overlay-opacity":"","overlay-gradient":""},"mobile":{"background-color":"var(--ast-global-color-5)","background-image":"","background-repeat":"repeat","background-position":"center center","background-size":"auto","background-attachment":"scroll","background-type":"","background-media":"","overlay-type":"","overlay-color":"","overlay-opacity":"","overlay-gradient":""}},"footnotes":""},"class_list":["post-4137","page","type-page","status-publish","hentry"],"yoast_head":"<!-- This site is optimized with the Yoast SEO plugin v27.4 - https:\/\/yoast.com\/product\/yoast-seo-wordpress\/ -->\n<title>GDPR - Fabiss Pet Residence\u00ae<\/title>\n<meta name=\"robots\" content=\"index, follow, max-snippet:-1, max-image-preview:large, max-video-preview:-1\" \/>\n<link rel=\"canonical\" href=\"https:\/\/fabiss.ro\/de\/gdpr\/\" \/>\n<meta property=\"og:locale\" content=\"de_DE\" \/>\n<meta property=\"og:type\" content=\"article\" \/>\n<meta property=\"og:title\" content=\"GDPR - Fabiss Pet Residence\u00ae\" \/>\n<meta property=\"og:description\" content=\"Notificare de prelucrare a datelor cu caracter personal 1. Cine suntem FABISS PET RESIDENCE SRL este o companie \u00eenregistrat\u0103 in Romania av\u00e2nd ca obiectiv comer\u021bul cu am\u0103nuntul a produselor alimentare. 2. Date personale pe care le prelucr\u0103m FABISS PET RESIDENCE SRL este un operator de date cu caracter personal. Colect\u0103m urm\u0103toarele tipuri de date personale [&hellip;]\" \/>\n<meta property=\"og:url\" content=\"https:\/\/fabiss.ro\/de\/gdpr\/\" \/>\n<meta property=\"og:site_name\" content=\"Fabiss Pet Residence\u00ae\" \/>\n<meta property=\"article:publisher\" content=\"https:\/\/www.facebook.com\/fabisspetresidence\/\" \/>\n<meta property=\"article:modified_time\" content=\"2022-11-30T13:24:23+00:00\" \/>\n<meta name=\"twitter:card\" content=\"summary_large_image\" \/>\n<meta name=\"twitter:label1\" content=\"Gesch\u00e4tzte Lesezeit\" \/>\n\t<meta name=\"twitter:data1\" content=\"3\u00a0Minuten\" \/>\n<script type=\"application\/ld+json\" class=\"yoast-schema-graph\">{\"@context\":\"https:\\\/\\\/schema.org\",\"@graph\":[{\"@type\":\"WebPage\",\"@id\":\"https:\\\/\\\/fabiss.ro\\\/gdpr\\\/\",\"url\":\"https:\\\/\\\/fabiss.ro\\\/gdpr\\\/\",\"name\":\"GDPR - Fabiss Pet Residence\u00ae\",\"isPartOf\":{\"@id\":\"https:\\\/\\\/fabiss.ro\\\/#website\"},\"datePublished\":\"2022-07-26T14:44:29+00:00\",\"dateModified\":\"2022-11-30T13:24:23+00:00\",\"breadcrumb\":{\"@id\":\"https:\\\/\\\/fabiss.ro\\\/gdpr\\\/#breadcrumb\"},\"inLanguage\":\"de\",\"potentialAction\":[{\"@type\":\"ReadAction\",\"target\":[\"https:\\\/\\\/fabiss.ro\\\/gdpr\\\/\"]}]},{\"@type\":\"BreadcrumbList\",\"@id\":\"https:\\\/\\\/fabiss.ro\\\/gdpr\\\/#breadcrumb\",\"itemListElement\":[{\"@type\":\"ListItem\",\"position\":1,\"name\":\"Prima pagin\u0103\",\"item\":\"https:\\\/\\\/fabiss.ro\\\/\"},{\"@type\":\"ListItem\",\"position\":2,\"name\":\"GDPR\"}]},{\"@type\":\"WebSite\",\"@id\":\"https:\\\/\\\/fabiss.ro\\\/#website\",\"url\":\"https:\\\/\\\/fabiss.ro\\\/\",\"name\":\"Fabiss Pet Residence\u00ae\",\"description\":\"\",\"publisher\":{\"@id\":\"https:\\\/\\\/fabiss.ro\\\/#organization\"},\"potentialAction\":[{\"@type\":\"SearchAction\",\"target\":{\"@type\":\"EntryPoint\",\"urlTemplate\":\"https:\\\/\\\/fabiss.ro\\\/?s={search_term_string}\"},\"query-input\":{\"@type\":\"PropertyValueSpecification\",\"valueRequired\":true,\"valueName\":\"search_term_string\"}}],\"inLanguage\":\"de\"},{\"@type\":\"Organization\",\"@id\":\"https:\\\/\\\/fabiss.ro\\\/#organization\",\"name\":\"Fabiss Pet Residence - Timi\u0219oara\",\"url\":\"https:\\\/\\\/fabiss.ro\\\/\",\"logo\":{\"@type\":\"ImageObject\",\"inLanguage\":\"de\",\"@id\":\"https:\\\/\\\/fabiss.ro\\\/#\\\/schema\\\/logo\\\/image\\\/\",\"url\":\"https:\\\/\\\/fabiss.ro\\\/wp-content\\\/uploads\\\/2022\\\/06\\\/cropped-FABISS_Pet_Residence_-_Logo_minimal-removebg-preview-e1656274651273.png\",\"contentUrl\":\"https:\\\/\\\/fabiss.ro\\\/wp-content\\\/uploads\\\/2022\\\/06\\\/cropped-FABISS_Pet_Residence_-_Logo_minimal-removebg-preview-e1656274651273.png\",\"width\":268,\"height\":121,\"caption\":\"Fabiss Pet Residence - Timi\u0219oara\"},\"image\":{\"@id\":\"https:\\\/\\\/fabiss.ro\\\/#\\\/schema\\\/logo\\\/image\\\/\"},\"sameAs\":[\"https:\\\/\\\/www.facebook.com\\\/fabisspetresidence\\\/\",\"https:\\\/\\\/www.instagram.com\\\/fabisspetresidence\\\/\"]}]}<\/script>\n<!-- \/ Yoast SEO plugin. -->","yoast_head_json":{"title":"GDPR - Fabiss Pet Residence\u00ae","robots":{"index":"index","follow":"follow","max-snippet":"max-snippet:-1","max-image-preview":"max-image-preview:large","max-video-preview":"max-video-preview:-1"},"canonical":"https:\/\/fabiss.ro\/de\/gdpr\/","og_locale":"de_DE","og_type":"article","og_title":"GDPR - Fabiss Pet Residence\u00ae","og_description":"Notificare de prelucrare a datelor cu caracter personal 1. Cine suntem FABISS PET RESIDENCE SRL este o companie \u00eenregistrat\u0103 in Romania av\u00e2nd ca obiectiv comer\u021bul cu am\u0103nuntul a produselor alimentare. 2. Date personale pe care le prelucr\u0103m FABISS PET RESIDENCE SRL este un operator de date cu caracter personal. Colect\u0103m urm\u0103toarele tipuri de date personale [&hellip;]","og_url":"https:\/\/fabiss.ro\/de\/gdpr\/","og_site_name":"Fabiss Pet Residence\u00ae","article_publisher":"https:\/\/www.facebook.com\/fabisspetresidence\/","article_modified_time":"2022-11-30T13:24:23+00:00","twitter_card":"summary_large_image","twitter_misc":{"Gesch\u00e4tzte Lesezeit":"3\u00a0Minuten"},"schema":{"@context":"https:\/\/schema.org","@graph":[{"@type":"WebPage","@id":"https:\/\/fabiss.ro\/gdpr\/","url":"https:\/\/fabiss.ro\/gdpr\/","name":"GDPR - Fabiss Pet Residence\u00ae","isPartOf":{"@id":"https:\/\/fabiss.ro\/#website"},"datePublished":"2022-07-26T14:44:29+00:00","dateModified":"2022-11-30T13:24:23+00:00","breadcrumb":{"@id":"https:\/\/fabiss.ro\/gdpr\/#breadcrumb"},"inLanguage":"de","potentialAction":[{"@type":"ReadAction","target":["https:\/\/fabiss.ro\/gdpr\/"]}]},{"@type":"BreadcrumbList","@id":"https:\/\/fabiss.ro\/gdpr\/#breadcrumb","itemListElement":[{"@type":"ListItem","position":1,"name":"Prima pagin\u0103","item":"https:\/\/fabiss.ro\/"},{"@type":"ListItem","position":2,"name":"GDPR"}]},{"@type":"WebSite","@id":"https:\/\/fabiss.ro\/#website","url":"https:\/\/fabiss.ro\/","name":"Fabiss Pet Residence\u00ae","description":"","publisher":{"@id":"https:\/\/fabiss.ro\/#organization"},"potentialAction":[{"@type":"SearchAction","target":{"@type":"EntryPoint","urlTemplate":"https:\/\/fabiss.ro\/?s={search_term_string}"},"query-input":{"@type":"PropertyValueSpecification","valueRequired":true,"valueName":"search_term_string"}}],"inLanguage":"de"},{"@type":"Organization","@id":"https:\/\/fabiss.ro\/#organization","name":"Fabiss Pet Residence - Timi\u0219oara","url":"https:\/\/fabiss.ro\/","logo":{"@type":"ImageObject","inLanguage":"de","@id":"https:\/\/fabiss.ro\/#\/schema\/logo\/image\/","url":"https:\/\/fabiss.ro\/wp-content\/uploads\/2022\/06\/cropped-FABISS_Pet_Residence_-_Logo_minimal-removebg-preview-e1656274651273.png","contentUrl":"https:\/\/fabiss.ro\/wp-content\/uploads\/2022\/06\/cropped-FABISS_Pet_Residence_-_Logo_minimal-removebg-preview-e1656274651273.png","width":268,"height":121,"caption":"Fabiss Pet Residence - Timi\u0219oara"},"image":{"@id":"https:\/\/fabiss.ro\/#\/schema\/logo\/image\/"},"sameAs":["https:\/\/www.facebook.com\/fabisspetresidence\/","https:\/\/www.instagram.com\/fabisspetresidence\/"]}]}},"_links":{"self":[{"href":"https:\/\/fabiss.ro\/de\/wp-json\/wp\/v2\/pages\/4137","targetHints":{"allow":["GET"]}}],"collection":[{"href":"https:\/\/fabiss.ro\/de\/wp-json\/wp\/v2\/pages"}],"about":[{"href":"https:\/\/fabiss.ro\/de\/wp-json\/wp\/v2\/types\/page"}],"author":[{"embeddable":true,"href":"https:\/\/fabiss.ro\/de\/wp-json\/wp\/v2\/users\/1"}],"replies":[{"embeddable":true,"href":"https:\/\/fabiss.ro\/de\/wp-json\/wp\/v2\/comments?post=4137"}],"version-history":[{"count":7,"href":"https:\/\/fabiss.ro\/de\/wp-json\/wp\/v2\/pages\/4137\/revisions"}],"predecessor-version":[{"id":4144,"href":"https:\/\/fabiss.ro\/de\/wp-json\/wp\/v2\/pages\/4137\/revisions\/4144"}],"wp:attachment":[{"href":"https:\/\/fabiss.ro\/de\/wp-json\/wp\/v2\/media?parent=4137"}],"curies":[{"name":"wp","href":"https:\/\/api.w.org\/{rel}","templated":true}]}}